{"id":7814,"date":"2023-04-11T16:44:56","date_gmt":"2023-04-11T14:44:56","guid":{"rendered":"https:\/\/www.compagniedigestif.ch\/?page_id=7814"},"modified":"2023-04-11T16:46:52","modified_gmt":"2023-04-11T14:46:52","slug":"newsletter-abonner","status":"publish","type":"page","link":"https:\/\/www.compagniedigestif.ch\/fr\/newsletter-abonner\/","title":{"rendered":"Newsletter abonner"},"content":{"rendered":"\n<style type=\"text\/css\" data-created_by=\"avia_inline_auto\" id=\"style-css-av-9b5xb4-630d6c7d6b01cc213e78cfc2d52b5b8e\">\n.flex_column.av-9b5xb4-630d6c7d6b01cc213e78cfc2d52b5b8e{\nborder-radius:0px 0px 0px 0px;\npadding:0px 0px 0px 0px;\n}\n<\/style>\n<div  class='flex_column av-9b5xb4-630d6c7d6b01cc213e78cfc2d52b5b8e av_one_half  avia-builder-el-0  avia-builder-el-no-sibling  first flex_column_div av-animated-generic bottom-to-top av-zero-column-padding  '     ><form action=\"https:\/\/www.compagniedigestif.ch\/fr\/newsletter-abonner\/\" method=\"post\" data-fields-with-error=\"Erreurs trouv\u00e9es dans les champs suivants :\" class=\"avia_ajax_form av-form-labels-visible   avia-builder-el-1  avia-builder-el-no-sibling  av-custom-form-color av-dark-form \" data-avia-form-id=\"1\" data-avia-redirect='' ><h3 class=''>S\u2019abonner \u00e0 la newsletter<\/h3><fieldset><p class='  first_form  form_element form_element_half' id='element_avia_1_1'><label for=\"avia_1_1\">Nom <abbr class=\"required\" title=\"requis(e)\">*<\/abbr><\/label> <input name=\"avia_1_1\" class=\"text_input is_empty\" type=\"text\" id=\"avia_1_1\" value=\"\" \/><\/p><p class='  form_element form_element_half' id='element_avia_2_1'><label for=\"avia_2_1\">Pr\u00e9nom <abbr class=\"required\" title=\"requis(e)\">*<\/abbr><\/label> <input name=\"avia_2_1\" class=\"text_input is_empty\" type=\"text\" id=\"avia_2_1\" value=\"\" \/><\/p><p class='  first_form  form_element form_fullwidth' id='element_avia_3_1'><label for=\"avia_3_1\">E-Mail <abbr class=\"required\" title=\"requis(e)\">*<\/abbr><\/label> <input name=\"avia_3_1\" class=\"text_input is_email\" type=\"text\" id=\"avia_3_1\" value=\"\" \/><\/p><p class='  first_form  form_element form_fullwidth' id='element_avia_4_1'><input checked=\"checked\" name=\"avia_4_1\" class=\"input_checkbox \" type=\"checkbox\" id=\"avia_4_1\" value=\"true\"\/><label class=\"input_checkbox_label\" for=\"avia_4_1\">Souhaitez-vous vous abonner \u00e0 notre newsletter?<\/label><\/p><p class=\"hidden\"><input type=\"text\" name=\"avia_5_1\" class=\"hidden \" id=\"avia_5_1\" value=\"\" \/><\/p><p class='   form_element form_fullwidth' id='element_avia_6_1'><span class='value_verifier_label'>7 + 0 = ?<\/span><input name=\"avia_6_1_verifier\" type=\"hidden\" id=\"avia_6_1_verifier\" value=\"744375744\"\/><label for=\"avia_6_1\">Merci de prouver que vous \u00eates un humain en donnant le r\u00e9sultat de cette op\u00e9ration <abbr class=\"required\" title=\"requis(e)\">*<\/abbr><\/label><input name=\"avia_6_1\" class=\"text_input captcha\" type=\"text\" id=\"avia_6_1\" value=\"\"\/><\/p><p class=\"form_element \"><input type=\"hidden\" value=\"1\" name=\"avia_generated_form1\" \/><input type=\"submit\" value=\"Senden\" class=\"button\"  data-sending-label=\"Envoi\"\/><\/p><\/fieldset><\/form><div id=\"ajaxresponse_1\" class=\"ajaxresponse ajaxresponse_1 hidden\"><\/div><\/div>\n","protected":false},"excerpt":{"rendered":"","protected":false},"author":2,"featured_media":0,"parent":0,"menu_order":0,"comment_status":"closed","ping_status":"closed","template":"","meta":{"footnotes":""},"class_list":["post-7814","page","type-page","status-publish","hentry"],"yoast_head":"<!-- This site is optimized with the Yoast SEO plugin v26.9 - https:\/\/yoast.com\/product\/yoast-seo-wordpress\/ -->\n<title>Newsletter abonner - https:\/\/www.compagniedigestif.ch<\/title>\n<meta name=\"robots\" content=\"index, follow, max-snippet:-1, max-image-preview:large, max-video-preview:-1\" \/>\n<link rel=\"canonical\" href=\"https:\/\/www.compagniedigestif.ch\/fr\/newsletter-abonner\/\" \/>\n<meta property=\"og:locale\" content=\"fr_FR\" \/>\n<meta property=\"og:type\" content=\"article\" \/>\n<meta property=\"og:title\" content=\"Newsletter abonner - https:\/\/www.compagniedigestif.ch\" \/>\n<meta property=\"og:url\" content=\"https:\/\/www.compagniedigestif.ch\/fr\/newsletter-abonner\/\" \/>\n<meta property=\"og:site_name\" content=\"https:\/\/www.compagniedigestif.ch\" \/>\n<meta property=\"article:modified_time\" content=\"2023-04-11T14:46:52+00:00\" \/>\n<meta name=\"twitter:card\" content=\"summary_large_image\" \/>\n<meta name=\"twitter:label1\" content=\"Dur\u00e9e de lecture estim\u00e9e\" \/>\n\t<meta name=\"twitter:data1\" content=\"1 minute\" \/>\n<script type=\"application\/ld+json\" class=\"yoast-schema-graph\">{\"@context\":\"https:\/\/schema.org\",\"@graph\":[{\"@type\":\"WebPage\",\"@id\":\"https:\/\/www.compagniedigestif.ch\/fr\/newsletter-abonner\/\",\"url\":\"https:\/\/www.compagniedigestif.ch\/fr\/newsletter-abonner\/\",\"name\":\"Newsletter abonner - https:\/\/www.compagniedigestif.ch\",\"isPartOf\":{\"@id\":\"https:\/\/www.compagniedigestif.ch\/#website\"},\"datePublished\":\"2023-04-11T14:44:56+00:00\",\"dateModified\":\"2023-04-11T14:46:52+00:00\",\"breadcrumb\":{\"@id\":\"https:\/\/www.compagniedigestif.ch\/fr\/newsletter-abonner\/#breadcrumb\"},\"inLanguage\":\"fr-FR\",\"potentialAction\":[{\"@type\":\"ReadAction\",\"target\":[\"https:\/\/www.compagniedigestif.ch\/fr\/newsletter-abonner\/\"]}]},{\"@type\":\"BreadcrumbList\",\"@id\":\"https:\/\/www.compagniedigestif.ch\/fr\/newsletter-abonner\/#breadcrumb\",\"itemListElement\":[{\"@type\":\"ListItem\",\"position\":1,\"name\":\"Startseite\",\"item\":\"https:\/\/www.compagniedigestif.ch\/fr\/accueil\/\"},{\"@type\":\"ListItem\",\"position\":2,\"name\":\"Newsletter abonner\"}]},{\"@type\":\"WebSite\",\"@id\":\"https:\/\/www.compagniedigestif.ch\/#website\",\"url\":\"https:\/\/www.compagniedigestif.ch\/\",\"name\":\"https:\/\/www.compagniedigestif.ch\",\"description\":\"Compagnie Digestif\",\"potentialAction\":[{\"@type\":\"SearchAction\",\"target\":{\"@type\":\"EntryPoint\",\"urlTemplate\":\"https:\/\/www.compagniedigestif.ch\/?s={search_term_string}\"},\"query-input\":{\"@type\":\"PropertyValueSpecification\",\"valueRequired\":true,\"valueName\":\"search_term_string\"}}],\"inLanguage\":\"fr-FR\"}]}<\/script>\n<!-- \/ Yoast SEO plugin. -->","yoast_head_json":{"title":"Newsletter abonner - https:\/\/www.compagniedigestif.ch","robots":{"index":"index","follow":"follow","max-snippet":"max-snippet:-1","max-image-preview":"max-image-preview:large","max-video-preview":"max-video-preview:-1"},"canonical":"https:\/\/www.compagniedigestif.ch\/fr\/newsletter-abonner\/","og_locale":"fr_FR","og_type":"article","og_title":"Newsletter abonner - https:\/\/www.compagniedigestif.ch","og_url":"https:\/\/www.compagniedigestif.ch\/fr\/newsletter-abonner\/","og_site_name":"https:\/\/www.compagniedigestif.ch","article_modified_time":"2023-04-11T14:46:52+00:00","twitter_card":"summary_large_image","twitter_misc":{"Dur\u00e9e de lecture estim\u00e9e":"1 minute"},"schema":{"@context":"https:\/\/schema.org","@graph":[{"@type":"WebPage","@id":"https:\/\/www.compagniedigestif.ch\/fr\/newsletter-abonner\/","url":"https:\/\/www.compagniedigestif.ch\/fr\/newsletter-abonner\/","name":"Newsletter abonner - https:\/\/www.compagniedigestif.ch","isPartOf":{"@id":"https:\/\/www.compagniedigestif.ch\/#website"},"datePublished":"2023-04-11T14:44:56+00:00","dateModified":"2023-04-11T14:46:52+00:00","breadcrumb":{"@id":"https:\/\/www.compagniedigestif.ch\/fr\/newsletter-abonner\/#breadcrumb"},"inLanguage":"fr-FR","potentialAction":[{"@type":"ReadAction","target":["https:\/\/www.compagniedigestif.ch\/fr\/newsletter-abonner\/"]}]},{"@type":"BreadcrumbList","@id":"https:\/\/www.compagniedigestif.ch\/fr\/newsletter-abonner\/#breadcrumb","itemListElement":[{"@type":"ListItem","position":1,"name":"Startseite","item":"https:\/\/www.compagniedigestif.ch\/fr\/accueil\/"},{"@type":"ListItem","position":2,"name":"Newsletter abonner"}]},{"@type":"WebSite","@id":"https:\/\/www.compagniedigestif.ch\/#website","url":"https:\/\/www.compagniedigestif.ch\/","name":"https:\/\/www.compagniedigestif.ch","description":"Compagnie Digestif","potentialAction":[{"@type":"SearchAction","target":{"@type":"EntryPoint","urlTemplate":"https:\/\/www.compagniedigestif.ch\/?s={search_term_string}"},"query-input":{"@type":"PropertyValueSpecification","valueRequired":true,"valueName":"search_term_string"}}],"inLanguage":"fr-FR"}]}},"_links":{"self":[{"href":"https:\/\/www.compagniedigestif.ch\/fr\/wp-json\/wp\/v2\/pages\/7814","targetHints":{"allow":["GET"]}}],"collection":[{"href":"https:\/\/www.compagniedigestif.ch\/fr\/wp-json\/wp\/v2\/pages"}],"about":[{"href":"https:\/\/www.compagniedigestif.ch\/fr\/wp-json\/wp\/v2\/types\/page"}],"author":[{"embeddable":true,"href":"https:\/\/www.compagniedigestif.ch\/fr\/wp-json\/wp\/v2\/users\/2"}],"replies":[{"embeddable":true,"href":"https:\/\/www.compagniedigestif.ch\/fr\/wp-json\/wp\/v2\/comments?post=7814"}],"version-history":[{"count":4,"href":"https:\/\/www.compagniedigestif.ch\/fr\/wp-json\/wp\/v2\/pages\/7814\/revisions"}],"predecessor-version":[{"id":7822,"href":"https:\/\/www.compagniedigestif.ch\/fr\/wp-json\/wp\/v2\/pages\/7814\/revisions\/7822"}],"wp:attachment":[{"href":"https:\/\/www.compagniedigestif.ch\/fr\/wp-json\/wp\/v2\/media?parent=7814"}],"curies":[{"name":"wp","href":"https:\/\/api.w.org\/{rel}","templated":true}]}}