{"id":5624,"date":"2021-09-07T17:00:56","date_gmt":"2021-09-07T15:00:56","guid":{"rendered":"https:\/\/www.compagniedigestif.ch\/?page_id=5624"},"modified":"2021-09-07T17:00:56","modified_gmt":"2021-09-07T15:00:56","slug":"carina-pousaz","status":"publish","type":"page","link":"https:\/\/www.compagniedigestif.ch\/fr\/carina-pousaz\/","title":{"rendered":"Carina Pousaz"},"content":{"rendered":"\n<style type=\"text\/css\" data-created_by=\"avia_inline_auto\" id=\"style-css-av-617302-3ed8189c3d46abe149b022f06c34dc0b\">\n.avia-section.av-617302-3ed8189c3d46abe149b022f06c34dc0b{\nbackground-color:#ffffff;\nbackground-image:unset;\n}\n.avia-section.av-617302-3ed8189c3d46abe149b022f06c34dc0b .av-extra-border-element .av-extra-border-inner{\nbackground-color:#ffffff;\n}\n<\/style>\n<div id='av_section_1'  class='avia-section av-617302-3ed8189c3d46abe149b022f06c34dc0b main_color avia-section-large avia-no-border-styling  avia-builder-el-0  avia-builder-el-no-sibling  avia-bg-style-scroll container_wrap sidebar_right'  ><div class='container av-section-cont-open' ><main  role=\"main\" itemprop=\"mainContentOfPage\"  class='template-page content  av-content-small alpha units'><div class='post-entry post-entry-type-page post-entry-5624'><div class='entry-content-wrapper clearfix'>\n\n<style type=\"text\/css\" data-created_by=\"avia_inline_auto\" id=\"style-css-av-5r0aiy-db8e4d64e911c36aa10313f614aa09e9\">\n.flex_column.av-5r0aiy-db8e4d64e911c36aa10313f614aa09e9{\nborder-radius:0px 0px 0px 0px;\npadding:0px 0px 0px 0px;\n}\n<\/style>\n<div  class='flex_column av-5r0aiy-db8e4d64e911c36aa10313f614aa09e9 av_one_half  avia-builder-el-1  avia-builder-el-no-sibling  first flex_column_div av-animated-generic bottom-to-top av-zero-column-padding  '     ><p>\n<style type=\"text\/css\" data-created_by=\"avia_inline_auto\" id=\"style-css-av-kta78dm7-33bc5ae3d9dd374200cff78c12d42f32\">\n#top .av-special-heading.av-kta78dm7-33bc5ae3d9dd374200cff78c12d42f32{\npadding-bottom:20px;\ncolor:#000000;\nfont-size:40px;\n}\nbody .av-special-heading.av-kta78dm7-33bc5ae3d9dd374200cff78c12d42f32 .av-special-heading-tag .heading-char{\nfont-size:25px;\n}\n#top #wrap_all .av-special-heading.av-kta78dm7-33bc5ae3d9dd374200cff78c12d42f32 .av-special-heading-tag{\nfont-size:40px;\n}\n.av-special-heading.av-kta78dm7-33bc5ae3d9dd374200cff78c12d42f32 .special-heading-inner-border{\nborder-color:#000000;\n}\n.av-special-heading.av-kta78dm7-33bc5ae3d9dd374200cff78c12d42f32 .av-subheading{\nfont-size:15px;\n}\n\n@media only screen and (min-width: 480px) and (max-width: 767px){ \n#top #wrap_all .av-special-heading.av-kta78dm7-33bc5ae3d9dd374200cff78c12d42f32 .av-special-heading-tag{\nfont-size:0.8em;\n}\n}\n\n@media only screen and (max-width: 479px){ \n#top #wrap_all .av-special-heading.av-kta78dm7-33bc5ae3d9dd374200cff78c12d42f32 .av-special-heading-tag{\nfont-size:0.8em;\n}\n}\n<\/style>\n<div  class='av-special-heading av-kta78dm7-33bc5ae3d9dd374200cff78c12d42f32 av-special-heading-h1 custom-color-heading blockquote modern-quote  avia-builder-el-2  el_before_av_image  avia-builder-el-first  av-inherit-size'><h1 class='av-special-heading-tag '  itemprop=\"headline\"  >Carina Pousaz <\/h1><div class='av_custom_color av-subheading av-subheading_below'><p>Co-direction<\/p>\n<\/div><div class=\"special-heading-border\"><div class=\"special-heading-inner-border\"><\/div><\/div><\/div><br \/>\n\n<style type=\"text\/css\" data-created_by=\"avia_inline_auto\" id=\"style-css-av-5g9qmq-364465d309c559ef81bad4af9ef2484c\">\n.avia-image-container.av-5g9qmq-364465d309c559ef81bad4af9ef2484c img.avia_image{\nbox-shadow:none;\n}\n.avia-image-container.av-5g9qmq-364465d309c559ef81bad4af9ef2484c .av-image-caption-overlay-center{\ncolor:#ffffff;\n}\n<\/style>\n<div  class='avia-image-container av-5g9qmq-364465d309c559ef81bad4af9ef2484c av-styling- avia-align-center  avia-builder-el-3  el_after_av_heading  el_before_av_hr '   itemprop=\"image\" itemscope=\"itemscope\" itemtype=\"https:\/\/schema.org\/ImageObject\" ><div class=\"avia-image-container-inner\"><div class=\"avia-image-overlay-wrap\"><img decoding=\"async\" fetchpriority=\"high\" class='wp-image-5349 avia-img-lazy-loading-not-5349 avia_image ' src=\"https:\/\/www.compagniedigestif.ch\/wp-content\/uploads\/Samuel-Devantery-DegestifCo-8.jpg\" alt='' title='Carina Pousaz - Compagnie DIgestif'  height=\"1125\" width=\"1500\"  itemprop=\"thumbnailUrl\" srcset=\"https:\/\/www.compagniedigestif.ch\/wp-content\/uploads\/Samuel-Devantery-DegestifCo-8.jpg 1500w, https:\/\/www.compagniedigestif.ch\/wp-content\/uploads\/Samuel-Devantery-DegestifCo-8-300x225.jpg 300w, https:\/\/www.compagniedigestif.ch\/wp-content\/uploads\/Samuel-Devantery-DegestifCo-8-1030x773.jpg 1030w, https:\/\/www.compagniedigestif.ch\/wp-content\/uploads\/Samuel-Devantery-DegestifCo-8-768x576.jpg 768w, https:\/\/www.compagniedigestif.ch\/wp-content\/uploads\/Samuel-Devantery-DegestifCo-8-705x529.jpg 705w\" sizes=\"(max-width: 1500px) 100vw, 1500px\" \/><\/div><\/div><\/div><br \/>\n\n<style type=\"text\/css\" data-created_by=\"avia_inline_auto\" id=\"style-css-av-ju845a9c-32c40eabec9c6b0eaeed3fd8748c3f71\">\n#top .hr.av-ju845a9c-32c40eabec9c6b0eaeed3fd8748c3f71{\nmargin-top:10px;\nmargin-bottom:0;\n}\n.hr.av-ju845a9c-32c40eabec9c6b0eaeed3fd8748c3f71 .hr-inner{\nwidth:50px;\n}\n<\/style>\n<div  class='hr av-ju845a9c-32c40eabec9c6b0eaeed3fd8748c3f71 hr-custom  avia-builder-el-4  el_after_av_image  el_before_av_textblock  hr-center hr-icon-no'><span class='hr-inner inner-border-av-border-none'><span class=\"hr-inner-style\"><\/span><\/span><\/div><br \/>\n\n<style type=\"text\/css\" data-created_by=\"avia_inline_auto\" id=\"style-css-av-563vc2-5b7387725ee869ced29cbb7da9fd96a5\">\n#top .av_textblock_section.av-563vc2-5b7387725ee869ced29cbb7da9fd96a5 .avia_textblock{\nfont-size:18px;\ncolor:#000000;\n}\n<\/style>\n<section  class='av_textblock_section av-563vc2-5b7387725ee869ced29cbb7da9fd96a5 '   itemscope=\"itemscope\" itemtype=\"https:\/\/schema.org\/CreativeWork\" ><div class='avia_textblock av_inherit_color'  itemprop=\"text\" ><p><strong>Carina Pousaz (1<\/strong><strong>er<\/strong> <strong>ao\u00fbt <\/strong><strong>1987) <\/strong><strong>a grandi \u00e0 Vi\u00e8ge et elle danse depuis l&rsquo;\u00e2ge de quatre ans<\/strong><strong>. <\/strong><strong>Elle a suivi les cours de diff\u00e9rents professeurs, dans des styles de danse aussi vari\u00e9s que le ballet classique, le jazz, le hip hop et la danse expressive<\/strong><strong>. <\/strong><strong>Elle a fr\u00e9quent\u00e9 le gymnase pour les sportifs et les artistes (HSK), \u00e0 Brigue, jusqu&rsquo;\u00e0 ses 18 ans.<\/strong><strong><br \/>\n<\/strong><strong>En 2006, Carina d\u00e9cide de s&rsquo;inscrire \u00e0 l&rsquo;\u00e9cole d&rsquo;artistes bien connue \u00ab\u00a0Scuola Teatro Dimitri\u00a0\u00bb afin d&rsquo;y d\u00e9couvrir diff\u00e9rentes formes d&rsquo;expression. En 2009, elle y obtient le bachelor en \u00ab\u00a0Th\u00e9\u00e2tre de mouvement\u00a0\u00bb.<\/strong><strong><br \/>\n<\/strong><strong>Depuis, elle travaille comme com\u00e9dienne, danseuse, acrobate a\u00e9rienne et chor\u00e9graphe avec diff\u00e9rents artistes en Europe, au Canada et en Afrique. De plus, Carina travaille comme professeur de danse, de th\u00e9\u00e2tre et de cirque, et elle est en tourn\u00e9e avec la Compagnie Digestif.<\/strong><\/p>\n<\/div><\/section><\/p><\/div><\/div><\/div><\/main><!-- close content main element --><\/div><div class='av-extra-border-element border-extra-diagonal  '><div class='av-extra-border-outer'><div class='av-extra-border-inner'><\/div><\/div><\/div><\/div><div id='after_section_1'  class='main_color av_default_container_wrap container_wrap sidebar_right'  ><div class='container av-section-cont-open' ><div class='template-page content  av-content-small alpha units'><div class='post-entry post-entry-type-page post-entry-5624'><div class='entry-content-wrapper clearfix'>\n","protected":false},"excerpt":{"rendered":"","protected":false},"author":4,"featured_media":0,"parent":0,"menu_order":11,"comment_status":"closed","ping_status":"closed","template":"","meta":{"footnotes":""},"class_list":["post-5624","page","type-page","status-publish","hentry"],"yoast_head":"<!-- This site is optimized with the Yoast SEO plugin v26.9 - https:\/\/yoast.com\/product\/yoast-seo-wordpress\/ -->\n<title>Carina Pousaz - https:\/\/www.compagniedigestif.ch<\/title>\n<meta name=\"robots\" content=\"index, follow, max-snippet:-1, max-image-preview:large, max-video-preview:-1\" \/>\n<link rel=\"canonical\" href=\"https:\/\/www.compagniedigestif.ch\/fr\/carina-pousaz\/\" \/>\n<meta property=\"og:locale\" content=\"fr_FR\" \/>\n<meta property=\"og:type\" content=\"article\" \/>\n<meta property=\"og:title\" content=\"Carina Pousaz - https:\/\/www.compagniedigestif.ch\" \/>\n<meta property=\"og:url\" content=\"https:\/\/www.compagniedigestif.ch\/fr\/carina-pousaz\/\" \/>\n<meta property=\"og:site_name\" content=\"https:\/\/www.compagniedigestif.ch\" \/>\n<meta name=\"twitter:card\" content=\"summary_large_image\" \/>\n<meta name=\"twitter:label1\" content=\"Dur\u00e9e de lecture estim\u00e9e\" \/>\n\t<meta name=\"twitter:data1\" content=\"2 minutes\" \/>\n<script type=\"application\/ld+json\" class=\"yoast-schema-graph\">{\"@context\":\"https:\/\/schema.org\",\"@graph\":[{\"@type\":\"WebPage\",\"@id\":\"https:\/\/www.compagniedigestif.ch\/fr\/carina-pousaz\/\",\"url\":\"https:\/\/www.compagniedigestif.ch\/fr\/carina-pousaz\/\",\"name\":\"Carina Pousaz - https:\/\/www.compagniedigestif.ch\",\"isPartOf\":{\"@id\":\"https:\/\/www.compagniedigestif.ch\/#website\"},\"datePublished\":\"2021-09-07T15:00:56+00:00\",\"breadcrumb\":{\"@id\":\"https:\/\/www.compagniedigestif.ch\/fr\/carina-pousaz\/#breadcrumb\"},\"inLanguage\":\"fr-FR\",\"potentialAction\":[{\"@type\":\"ReadAction\",\"target\":[\"https:\/\/www.compagniedigestif.ch\/fr\/carina-pousaz\/\"]}]},{\"@type\":\"BreadcrumbList\",\"@id\":\"https:\/\/www.compagniedigestif.ch\/fr\/carina-pousaz\/#breadcrumb\",\"itemListElement\":[{\"@type\":\"ListItem\",\"position\":1,\"name\":\"Startseite\",\"item\":\"https:\/\/www.compagniedigestif.ch\/fr\/accueil\/\"},{\"@type\":\"ListItem\",\"position\":2,\"name\":\"Carina Pousaz\"}]},{\"@type\":\"WebSite\",\"@id\":\"https:\/\/www.compagniedigestif.ch\/#website\",\"url\":\"https:\/\/www.compagniedigestif.ch\/\",\"name\":\"https:\/\/www.compagniedigestif.ch\",\"description\":\"Compagnie Digestif\",\"potentialAction\":[{\"@type\":\"SearchAction\",\"target\":{\"@type\":\"EntryPoint\",\"urlTemplate\":\"https:\/\/www.compagniedigestif.ch\/?s={search_term_string}\"},\"query-input\":{\"@type\":\"PropertyValueSpecification\",\"valueRequired\":true,\"valueName\":\"search_term_string\"}}],\"inLanguage\":\"fr-FR\"}]}<\/script>\n<!-- \/ Yoast SEO plugin. -->","yoast_head_json":{"title":"Carina Pousaz - https:\/\/www.compagniedigestif.ch","robots":{"index":"index","follow":"follow","max-snippet":"max-snippet:-1","max-image-preview":"max-image-preview:large","max-video-preview":"max-video-preview:-1"},"canonical":"https:\/\/www.compagniedigestif.ch\/fr\/carina-pousaz\/","og_locale":"fr_FR","og_type":"article","og_title":"Carina Pousaz - https:\/\/www.compagniedigestif.ch","og_url":"https:\/\/www.compagniedigestif.ch\/fr\/carina-pousaz\/","og_site_name":"https:\/\/www.compagniedigestif.ch","twitter_card":"summary_large_image","twitter_misc":{"Dur\u00e9e de lecture estim\u00e9e":"2 minutes"},"schema":{"@context":"https:\/\/schema.org","@graph":[{"@type":"WebPage","@id":"https:\/\/www.compagniedigestif.ch\/fr\/carina-pousaz\/","url":"https:\/\/www.compagniedigestif.ch\/fr\/carina-pousaz\/","name":"Carina Pousaz - https:\/\/www.compagniedigestif.ch","isPartOf":{"@id":"https:\/\/www.compagniedigestif.ch\/#website"},"datePublished":"2021-09-07T15:00:56+00:00","breadcrumb":{"@id":"https:\/\/www.compagniedigestif.ch\/fr\/carina-pousaz\/#breadcrumb"},"inLanguage":"fr-FR","potentialAction":[{"@type":"ReadAction","target":["https:\/\/www.compagniedigestif.ch\/fr\/carina-pousaz\/"]}]},{"@type":"BreadcrumbList","@id":"https:\/\/www.compagniedigestif.ch\/fr\/carina-pousaz\/#breadcrumb","itemListElement":[{"@type":"ListItem","position":1,"name":"Startseite","item":"https:\/\/www.compagniedigestif.ch\/fr\/accueil\/"},{"@type":"ListItem","position":2,"name":"Carina Pousaz"}]},{"@type":"WebSite","@id":"https:\/\/www.compagniedigestif.ch\/#website","url":"https:\/\/www.compagniedigestif.ch\/","name":"https:\/\/www.compagniedigestif.ch","description":"Compagnie Digestif","potentialAction":[{"@type":"SearchAction","target":{"@type":"EntryPoint","urlTemplate":"https:\/\/www.compagniedigestif.ch\/?s={search_term_string}"},"query-input":{"@type":"PropertyValueSpecification","valueRequired":true,"valueName":"search_term_string"}}],"inLanguage":"fr-FR"}]}},"_links":{"self":[{"href":"https:\/\/www.compagniedigestif.ch\/fr\/wp-json\/wp\/v2\/pages\/5624","targetHints":{"allow":["GET"]}}],"collection":[{"href":"https:\/\/www.compagniedigestif.ch\/fr\/wp-json\/wp\/v2\/pages"}],"about":[{"href":"https:\/\/www.compagniedigestif.ch\/fr\/wp-json\/wp\/v2\/types\/page"}],"author":[{"embeddable":true,"href":"https:\/\/www.compagniedigestif.ch\/fr\/wp-json\/wp\/v2\/users\/4"}],"replies":[{"embeddable":true,"href":"https:\/\/www.compagniedigestif.ch\/fr\/wp-json\/wp\/v2\/comments?post=5624"}],"version-history":[{"count":3,"href":"https:\/\/www.compagniedigestif.ch\/fr\/wp-json\/wp\/v2\/pages\/5624\/revisions"}],"predecessor-version":[{"id":6043,"href":"https:\/\/www.compagniedigestif.ch\/fr\/wp-json\/wp\/v2\/pages\/5624\/revisions\/6043"}],"wp:attachment":[{"href":"https:\/\/www.compagniedigestif.ch\/fr\/wp-json\/wp\/v2\/media?parent=5624"}],"curies":[{"name":"wp","href":"https:\/\/api.w.org\/{rel}","templated":true}]}}