{"id":5620,"date":"2021-09-07T16:58:51","date_gmt":"2021-09-07T14:58:51","guid":{"rendered":"https:\/\/www.compagniedigestif.ch\/?page_id=5620"},"modified":"2023-01-06T21:33:40","modified_gmt":"2023-01-06T20:33:40","slug":"jennifer-skolovski","status":"publish","type":"page","link":"https:\/\/www.compagniedigestif.ch\/fr\/jennifer-skolovski\/","title":{"rendered":"Jennifer Skolovski"},"content":{"rendered":"\n<style type=\"text\/css\" data-created_by=\"avia_inline_auto\" id=\"style-css-av-617302-3ed8189c3d46abe149b022f06c34dc0b\">\n.avia-section.av-617302-3ed8189c3d46abe149b022f06c34dc0b{\nbackground-color:#ffffff;\nbackground-image:unset;\n}\n.avia-section.av-617302-3ed8189c3d46abe149b022f06c34dc0b .av-extra-border-element .av-extra-border-inner{\nbackground-color:#ffffff;\n}\n<\/style>\n<div id='av_section_1'  class='avia-section av-617302-3ed8189c3d46abe149b022f06c34dc0b main_color avia-section-large avia-no-border-styling  avia-builder-el-0  el_before_av_video  avia-builder-el-first  avia-bg-style-scroll container_wrap sidebar_right'  ><div class='container av-section-cont-open' ><main  role=\"main\" itemprop=\"mainContentOfPage\"  class='template-page content  av-content-small alpha units'><div class='post-entry post-entry-type-page post-entry-5620'><div class='entry-content-wrapper clearfix'>\n\n<style type=\"text\/css\" data-created_by=\"avia_inline_auto\" id=\"style-css-av-5r0aiy-db8e4d64e911c36aa10313f614aa09e9\">\n.flex_column.av-5r0aiy-db8e4d64e911c36aa10313f614aa09e9{\nborder-radius:0px 0px 0px 0px;\npadding:0px 0px 0px 0px;\n}\n<\/style>\n<div  class='flex_column av-5r0aiy-db8e4d64e911c36aa10313f614aa09e9 av_one_half  avia-builder-el-1  avia-builder-el-no-sibling  first flex_column_div av-animated-generic bottom-to-top av-zero-column-padding  '     ><p>\n<style type=\"text\/css\" data-created_by=\"avia_inline_auto\" id=\"style-css-av-kta74ri8-7199f08dea785ca67c8347d089fc9f80\">\n#top .av-special-heading.av-kta74ri8-7199f08dea785ca67c8347d089fc9f80{\npadding-bottom:20px;\ncolor:#000000;\nfont-size:40px;\n}\nbody .av-special-heading.av-kta74ri8-7199f08dea785ca67c8347d089fc9f80 .av-special-heading-tag .heading-char{\nfont-size:25px;\n}\n#top #wrap_all .av-special-heading.av-kta74ri8-7199f08dea785ca67c8347d089fc9f80 .av-special-heading-tag{\nfont-size:40px;\n}\n.av-special-heading.av-kta74ri8-7199f08dea785ca67c8347d089fc9f80 .special-heading-inner-border{\nborder-color:#000000;\n}\n.av-special-heading.av-kta74ri8-7199f08dea785ca67c8347d089fc9f80 .av-subheading{\nfont-size:15px;\n}\n\n@media only screen and (min-width: 480px) and (max-width: 767px){ \n#top #wrap_all .av-special-heading.av-kta74ri8-7199f08dea785ca67c8347d089fc9f80 .av-special-heading-tag{\nfont-size:0.8em;\n}\n}\n\n@media only screen and (max-width: 479px){ \n#top #wrap_all .av-special-heading.av-kta74ri8-7199f08dea785ca67c8347d089fc9f80 .av-special-heading-tag{\nfont-size:0.8em;\n}\n}\n<\/style>\n<div  class='av-special-heading av-kta74ri8-7199f08dea785ca67c8347d089fc9f80 av-special-heading-h1 custom-color-heading blockquote modern-quote  avia-builder-el-2  el_before_av_image  avia-builder-el-first  av-inherit-size'><h1 class='av-special-heading-tag '  itemprop=\"headline\"  >Jennifer Skolovski<\/h1><div class='av_custom_color av-subheading av-subheading_below'><p>Direction artistique<\/p>\n<\/div><div class=\"special-heading-border\"><div class=\"special-heading-inner-border\"><\/div><\/div><\/div><br \/>\n\n<style type=\"text\/css\" data-created_by=\"avia_inline_auto\" id=\"style-css-av-5g9qmq-b23acd970be73e61ffbf8143782355b9\">\n.avia-image-container.av-5g9qmq-b23acd970be73e61ffbf8143782355b9 img.avia_image{\nbox-shadow:none;\n}\n.avia-image-container.av-5g9qmq-b23acd970be73e61ffbf8143782355b9 .av-image-caption-overlay-center{\ncolor:#ffffff;\n}\n<\/style>\n<div  class='avia-image-container av-5g9qmq-b23acd970be73e61ffbf8143782355b9 av-styling- avia-align-left  avia-builder-el-3  el_after_av_heading  el_before_av_hr '   itemprop=\"image\" itemscope=\"itemscope\" itemtype=\"https:\/\/schema.org\/ImageObject\" ><div class=\"avia-image-container-inner\"><div class=\"avia-image-overlay-wrap\"><img decoding=\"async\" fetchpriority=\"high\" class='wp-image-5608 avia-img-lazy-loading-not-5608 avia_image ' src=\"https:\/\/www.compagniedigestif.ch\/wp-content\/uploads\/Samuel-Devantery-DegestifCo-2.jpg\" alt='' title='Jennifer Skolovski - Compagnie Digestif'  height=\"1043\" width=\"1390\"  itemprop=\"thumbnailUrl\" srcset=\"https:\/\/www.compagniedigestif.ch\/wp-content\/uploads\/Samuel-Devantery-DegestifCo-2.jpg 1390w, https:\/\/www.compagniedigestif.ch\/wp-content\/uploads\/Samuel-Devantery-DegestifCo-2-300x225.jpg 300w, https:\/\/www.compagniedigestif.ch\/wp-content\/uploads\/Samuel-Devantery-DegestifCo-2-1030x773.jpg 1030w, https:\/\/www.compagniedigestif.ch\/wp-content\/uploads\/Samuel-Devantery-DegestifCo-2-768x576.jpg 768w, https:\/\/www.compagniedigestif.ch\/wp-content\/uploads\/Samuel-Devantery-DegestifCo-2-705x529.jpg 705w\" sizes=\"(max-width: 1390px) 100vw, 1390px\" \/><\/div><\/div><\/div><br \/>\n\n<style type=\"text\/css\" data-created_by=\"avia_inline_auto\" id=\"style-css-av-ju845a9c-32c40eabec9c6b0eaeed3fd8748c3f71\">\n#top .hr.av-ju845a9c-32c40eabec9c6b0eaeed3fd8748c3f71{\nmargin-top:10px;\nmargin-bottom:0;\n}\n.hr.av-ju845a9c-32c40eabec9c6b0eaeed3fd8748c3f71 .hr-inner{\nwidth:50px;\n}\n<\/style>\n<div  class='hr av-ju845a9c-32c40eabec9c6b0eaeed3fd8748c3f71 hr-custom  avia-builder-el-4  el_after_av_image  el_before_av_textblock  hr-center hr-icon-no'><span class='hr-inner inner-border-av-border-none'><span class=\"hr-inner-style\"><\/span><\/span><\/div><br \/>\n\n<style type=\"text\/css\" data-created_by=\"avia_inline_auto\" id=\"style-css-av-563vc2-f7ad3272c1d321d8b09039ea6703b494\">\n#top .av_textblock_section.av-563vc2-f7ad3272c1d321d8b09039ea6703b494 .avia_textblock{\nfont-size:18px;\ncolor:#000000;\n}\n<\/style>\n<section  class='av_textblock_section av-563vc2-f7ad3272c1d321d8b09039ea6703b494 '   itemscope=\"itemscope\" itemtype=\"https:\/\/schema.org\/CreativeWork\" ><div class='avia_textblock av_inherit_color'  itemprop=\"text\" ><p><strong>Jennifer Skolovski (4 <\/strong><strong>septembre <\/strong><strong>1981) <\/strong><strong>a grandi \u00e0 Lo\u00e8che-les-Bains. Elle a fr\u00e9quent\u00e9 le gymnase \u00e0 Brigue, puis la haute \u00e9cole p\u00e9dagogique \u00e0 Brigue et \u00e0 St-Maurice<\/strong><strong>. <\/strong><strong>Elle a enseign\u00e9 pendant une ann\u00e9e \u00e0 Lo\u00e8che-les-Bains, tout en suivant parall\u00e8lement une formation de p\u00e9dagogue de th\u00e9\u00e2tre \u00e0 la Haute \u00e9cole de musique et de th\u00e9\u00e2tre de Zurich<\/strong><strong>. <\/strong><strong>Elle a fr\u00e9quent\u00e9 le conservatoire de Sion o\u00f9 elle a obtenu le dipl\u00f4me de semi-professionnelle en musique<\/strong><strong>. <\/strong><strong>Pendant sept ans, elle \u00e9tait en tourn\u00e9e avec le groupe suisse de musique rock <\/strong><strong>\u00ab\u00a0Glen of Guinness\u00a0\u00bb. <\/strong><strong>En novembre 2006, elle a \u00e9t\u00e9 admise \u00e0 la haute \u00e9cole de th\u00e9\u00e2tre de mouvement \u00ab\u00a0Scuola Teatro Dimitri\u00a0\u00bb qu&rsquo;elle a termin\u00e9e avec succ\u00e8s en ao\u00fbt 2009. En 2019 elle \u00a0fait le Master dans la m\u00eame \u00e9cole. Depuis 2014 elle dirige le lieu Treffpunkt Tsch\u00fcdanga, en 2015 elle cr\u00e9e la\u00a0Compagnie\u00a0Digestif, depuis 2018 elle dirige et d\u00e9veloppe le programme KinderKultur, au Th\u00e9\u00e2tre ZeughausKultur \u00e0 Brigue. Elle travaille comme artiste ind\u00e9pendante\u00a0: jeu d&rsquo;actrice, danse, chant, acrobatie et art \u00e9questre sont les disciplines que Jennifer est capable de produire sur sc\u00e8ne. Des mandats de directrice artistique, de productrice, de p\u00e9dagogue de th\u00e9\u00e2tre ou de metteuse en sc\u00e8ne compl\u00e8tent sa palette d&rsquo;activit\u00e9s comme professionnelle de th\u00e9\u00e2tre.<\/strong><\/p>\n<p><a href=\"https:\/\/www.rts.ch\/play\/tv\/12h45\/video\/le-guinness-irish-festival-a-demarre-mercredi-soir-a-sion-avec-le-retour-sur-scene-du-groupe-valaisan-glen-of-guinness-?urn=urn:rts:video:10618357\">Glen of Guinness Come back 2019, Guinness Festival Sion<\/a><\/p>\n<\/div><\/section><\/p><\/div>\n<\/div><\/div><\/main><!-- close content main element --><\/div><div class='av-extra-border-element border-extra-diagonal  '><div class='av-extra-border-outer'><div class='av-extra-border-inner'><\/div><\/div><\/div><\/div><div id='after_section_1'  class='main_color av_default_container_wrap container_wrap sidebar_right'  ><div class='container av-section-cont-open' ><div class='template-page content  av-content-small alpha units'><div class='post-entry post-entry-type-page post-entry-5620'><div class='entry-content-wrapper clearfix'>\n<div  class='avia-video av-lc58quog-f273bb24341c25ce3f953946bf784b5e avia-video-16-9 av-no-preview-image avia-video-load-always av-lazyload-immediate av-lazyload-video-embed'  itemprop=\"video\" itemtype=\"https:\/\/schema.org\/VideoObject\"  data-original_url='https:\/\/youtu.be\/Nxp-GPeJy4w'><script type='text\/html' class='av-video-tmpl'><div class='avia-iframe-wrap'><iframe loading=\"lazy\" title=\"F\u00f6rderpreis Jennifer Skolovski\" width=\"1500\" height=\"844\" src=\"https:\/\/www.youtube.com\/embed\/Nxp-GPeJy4w?feature=oembed&autoplay=0&loop=0&controls=1&mute=0\" frameborder=\"0\" allow=\"accelerometer; autoplay; clipboard-write; encrypted-media; gyroscope; picture-in-picture\" allowfullscreen><\/iframe><\/div><\/script><div class='av-click-to-play-overlay'><div class=\"avia_playpause_icon\"><\/div><\/div><\/div>\n<div  class='avia-video av-lc58ra89-181991498cc768203607950fd044c76e avia-video-16-9 av-no-preview-image avia-video-load-always av-lazyload-immediate av-lazyload-video-embed'  itemprop=\"video\" itemtype=\"https:\/\/schema.org\/VideoObject\"  data-original_url='https:\/\/youtu.be\/WIBQFDEshPA'><script type='text\/html' class='av-video-tmpl'><div class='avia-iframe-wrap'><iframe loading=\"lazy\" title=\"Walliser Seema - Zum Glick\" width=\"1500\" height=\"844\" src=\"https:\/\/www.youtube.com\/embed\/WIBQFDEshPA?feature=oembed&autoplay=0&loop=0&controls=1&mute=0\" frameborder=\"0\" allow=\"accelerometer; autoplay; clipboard-write; encrypted-media; gyroscope; picture-in-picture; web-share\" allowfullscreen><\/iframe><\/div><\/script><div class='av-click-to-play-overlay'><div class=\"avia_playpause_icon\"><\/div><\/div><\/div>\n<div  class='avia-video av-lckyc6h1-7c96117c6be457598466ee6d25f74b7a avia-video-16-9 av-no-preview-image avia-video-load-always av-lazyload-immediate av-lazyload-video-embed'  itemprop=\"video\" itemtype=\"https:\/\/schema.org\/VideoObject\"  data-original_url='https:\/\/youtu.be\/V-faHGd8p9E'><script type='text\/html' class='av-video-tmpl'><div class='avia-iframe-wrap'><iframe loading=\"lazy\" title=\"Teaser Lobe Corbyre\" width=\"1500\" height=\"844\" src=\"https:\/\/www.youtube.com\/embed\/V-faHGd8p9E?feature=oembed&autoplay=0&loop=0&controls=1&mute=0\" frameborder=\"0\" allow=\"accelerometer; autoplay; clipboard-write; encrypted-media; gyroscope; picture-in-picture; web-share\" allowfullscreen><\/iframe><\/div><\/script><div class='av-click-to-play-overlay'><div class=\"avia_playpause_icon\"><\/div><\/div><\/div>\n<div  class='avia-video av-lckxi5z9-bb1a0a257083f7aa9574e247a723322e avia-video-16-9 av-no-preview-image avia-video-load-always av-lazyload-immediate av-lazyload-video-embed'  itemprop=\"video\" itemtype=\"https:\/\/schema.org\/VideoObject\"  data-original_url='https:\/\/youtu.be\/g1KQ8A5c7OE'><script type='text\/html' class='av-video-tmpl'><div class='avia-iframe-wrap'><iframe loading=\"lazy\" title=\"Teaser Abricotine, Coca\u00efne, Guillotine\" width=\"1500\" height=\"844\" src=\"https:\/\/www.youtube.com\/embed\/g1KQ8A5c7OE?feature=oembed&autoplay=0&loop=0&controls=1&mute=0\" frameborder=\"0\" allow=\"accelerometer; autoplay; clipboard-write; encrypted-media; gyroscope; picture-in-picture; web-share\" allowfullscreen><\/iframe><\/div><\/script><div class='av-click-to-play-overlay'><div class=\"avia_playpause_icon\"><\/div><\/div><\/div>\n<div  class='avia-video av-lcky7veq-695b2d2f5f3356a8b094f770649020b0 avia-video-16-9 av-no-preview-image avia-video-load-always av-lazyload-immediate av-lazyload-video-embed'  itemprop=\"video\" itemtype=\"https:\/\/schema.org\/VideoObject\"  data-original_url='https:\/\/youtu.be\/_s7AbHKY0DQ'><script type='text\/html' class='av-video-tmpl'><div class='avia-iframe-wrap'><iframe loading=\"lazy\" title=\"Rencontre avec la compagnie Digestif\" width=\"1500\" height=\"844\" src=\"https:\/\/www.youtube.com\/embed\/_s7AbHKY0DQ?feature=oembed&autoplay=0&loop=0&controls=1&mute=0\" frameborder=\"0\" allow=\"accelerometer; autoplay; clipboard-write; encrypted-media; gyroscope; picture-in-picture; web-share\" allowfullscreen><\/iframe><\/div><\/script><div class='av-click-to-play-overlay'><div class=\"avia_playpause_icon\"><\/div><\/div><\/div>\n<div  class='avia-video av-lc58s97p-10e221e6faa51f771b067db75d762070 avia-video-16-9 av-no-preview-image avia-video-load-always av-lazyload-immediate av-lazyload-video-embed'  itemprop=\"video\" itemtype=\"https:\/\/schema.org\/VideoObject\"  data-original_url='https:\/\/www.youtube.com\/watch?v=N0xVHf4UhoI&amp;feature=youtu.be'><script type='text\/html' class='av-video-tmpl'><div class='avia-iframe-wrap'><iframe loading=\"lazy\" title=\"Portrait Jennifer Skolovski\" width=\"1500\" height=\"844\" src=\"https:\/\/www.youtube.com\/embed\/N0xVHf4UhoI?feature=oembed&autoplay=0&loop=0&controls=1&mute=0\" frameborder=\"0\" allow=\"accelerometer; autoplay; clipboard-write; encrypted-media; gyroscope; picture-in-picture; web-share\" allowfullscreen><\/iframe><\/div><\/script><div class='av-click-to-play-overlay'><div class=\"avia_playpause_icon\"><\/div><\/div><\/div>\n<div  class='avia-video av-lckxlh1a-2c07b4c0d910acb45bd19bc2a5147ad2 avia-video-16-9 av-no-preview-image avia-video-load-always av-lazyload-immediate av-lazyload-video-embed'  itemprop=\"video\" itemtype=\"https:\/\/schema.org\/VideoObject\"  data-original_url='https:\/\/youtu.be\/rthMTeh8hJg'><script type='text\/html' class='av-video-tmpl'><div class='avia-iframe-wrap'><iframe loading=\"lazy\" title=\"Rendez vous de la Culture\" width=\"1500\" height=\"844\" src=\"https:\/\/www.youtube.com\/embed\/rthMTeh8hJg?feature=oembed&autoplay=0&loop=0&controls=1&mute=0\" frameborder=\"0\" allow=\"accelerometer; autoplay; clipboard-write; encrypted-media; gyroscope; picture-in-picture; web-share\" allowfullscreen><\/iframe><\/div><\/script><div class='av-click-to-play-overlay'><div class=\"avia_playpause_icon\"><\/div><\/div><\/div>\n<div  class='avia-video av-lcky1o5w-85358df11661223d70ef8ea690dcfe96 avia-video-16-9 av-no-preview-image avia-video-load-always av-lazyload-immediate av-lazyload-video-embed'  itemprop=\"video\" itemtype=\"https:\/\/schema.org\/VideoObject\"  data-original_url='https:\/\/youtu.be\/VDEVXv4-16Q'><script type='text\/html' class='av-video-tmpl'><div class='avia-iframe-wrap'><iframe loading=\"lazy\" title=\"Rencontres Orient Occident 2019 - CONCERT - Salamu Aleikum\" width=\"1500\" height=\"844\" src=\"https:\/\/www.youtube.com\/embed\/VDEVXv4-16Q?feature=oembed&autoplay=0&loop=0&controls=1&mute=0\" frameborder=\"0\" allow=\"accelerometer; autoplay; clipboard-write; encrypted-media; gyroscope; picture-in-picture; web-share\" allowfullscreen><\/iframe><\/div><\/script><div class='av-click-to-play-overlay'><div class=\"avia_playpause_icon\"><\/div><\/div><\/div>\n","protected":false},"excerpt":{"rendered":"","protected":false},"author":4,"featured_media":0,"parent":0,"menu_order":10,"comment_status":"closed","ping_status":"closed","template":"","meta":{"footnotes":""},"class_list":["post-5620","page","type-page","status-publish","hentry"],"yoast_head":"<!-- This site is optimized with the Yoast SEO plugin v26.9 - https:\/\/yoast.com\/product\/yoast-seo-wordpress\/ -->\n<title>Jennifer Skolovski - https:\/\/www.compagniedigestif.ch<\/title>\n<meta name=\"description\" content=\"Artiste pluridisciplinaire qui a cr\u00e9e la Compagnie Digestif et qui dirige le lieu Treffpunkt Tsch\u00fcdanga \u00e0 Salquenen.\" \/>\n<meta name=\"robots\" content=\"index, follow, max-snippet:-1, max-image-preview:large, max-video-preview:-1\" \/>\n<link rel=\"canonical\" href=\"https:\/\/www.compagniedigestif.ch\/fr\/jennifer-skolovski\/\" \/>\n<meta property=\"og:locale\" content=\"fr_FR\" \/>\n<meta property=\"og:type\" content=\"article\" \/>\n<meta property=\"og:title\" content=\"Jennifer Skolovski - https:\/\/www.compagniedigestif.ch\" \/>\n<meta property=\"og:description\" content=\"Artiste pluridisciplinaire qui a cr\u00e9e la Compagnie Digestif et qui dirige le lieu Treffpunkt Tsch\u00fcdanga \u00e0 Salquenen.\" \/>\n<meta property=\"og:url\" content=\"https:\/\/www.compagniedigestif.ch\/fr\/jennifer-skolovski\/\" \/>\n<meta property=\"og:site_name\" content=\"https:\/\/www.compagniedigestif.ch\" \/>\n<meta property=\"article:modified_time\" content=\"2023-01-06T20:33:40+00:00\" \/>\n<meta name=\"twitter:card\" content=\"summary_large_image\" \/>\n<meta name=\"twitter:label1\" content=\"Dur\u00e9e de lecture estim\u00e9e\" \/>\n\t<meta name=\"twitter:data1\" content=\"3 minutes\" \/>\n<script type=\"application\/ld+json\" class=\"yoast-schema-graph\">{\"@context\":\"https:\/\/schema.org\",\"@graph\":[{\"@type\":\"WebPage\",\"@id\":\"https:\/\/www.compagniedigestif.ch\/fr\/jennifer-skolovski\/\",\"url\":\"https:\/\/www.compagniedigestif.ch\/fr\/jennifer-skolovski\/\",\"name\":\"Jennifer Skolovski - https:\/\/www.compagniedigestif.ch\",\"isPartOf\":{\"@id\":\"https:\/\/www.compagniedigestif.ch\/#website\"},\"datePublished\":\"2021-09-07T14:58:51+00:00\",\"dateModified\":\"2023-01-06T20:33:40+00:00\",\"description\":\"Artiste pluridisciplinaire qui a cr\u00e9e la Compagnie Digestif et qui dirige le lieu Treffpunkt Tsch\u00fcdanga \u00e0 Salquenen.\",\"breadcrumb\":{\"@id\":\"https:\/\/www.compagniedigestif.ch\/fr\/jennifer-skolovski\/#breadcrumb\"},\"inLanguage\":\"fr-FR\",\"potentialAction\":[{\"@type\":\"ReadAction\",\"target\":[\"https:\/\/www.compagniedigestif.ch\/fr\/jennifer-skolovski\/\"]}]},{\"@type\":\"BreadcrumbList\",\"@id\":\"https:\/\/www.compagniedigestif.ch\/fr\/jennifer-skolovski\/#breadcrumb\",\"itemListElement\":[{\"@type\":\"ListItem\",\"position\":1,\"name\":\"Startseite\",\"item\":\"https:\/\/www.compagniedigestif.ch\/fr\/accueil\/\"},{\"@type\":\"ListItem\",\"position\":2,\"name\":\"Jennifer Skolovski\"}]},{\"@type\":\"WebSite\",\"@id\":\"https:\/\/www.compagniedigestif.ch\/#website\",\"url\":\"https:\/\/www.compagniedigestif.ch\/\",\"name\":\"https:\/\/www.compagniedigestif.ch\",\"description\":\"Compagnie Digestif\",\"potentialAction\":[{\"@type\":\"SearchAction\",\"target\":{\"@type\":\"EntryPoint\",\"urlTemplate\":\"https:\/\/www.compagniedigestif.ch\/?s={search_term_string}\"},\"query-input\":{\"@type\":\"PropertyValueSpecification\",\"valueRequired\":true,\"valueName\":\"search_term_string\"}}],\"inLanguage\":\"fr-FR\"}]}<\/script>\n<!-- \/ Yoast SEO plugin. -->","yoast_head_json":{"title":"Jennifer Skolovski - https:\/\/www.compagniedigestif.ch","description":"Artiste pluridisciplinaire qui a cr\u00e9e la Compagnie Digestif et qui dirige le lieu Treffpunkt Tsch\u00fcdanga \u00e0 Salquenen.","robots":{"index":"index","follow":"follow","max-snippet":"max-snippet:-1","max-image-preview":"max-image-preview:large","max-video-preview":"max-video-preview:-1"},"canonical":"https:\/\/www.compagniedigestif.ch\/fr\/jennifer-skolovski\/","og_locale":"fr_FR","og_type":"article","og_title":"Jennifer Skolovski - https:\/\/www.compagniedigestif.ch","og_description":"Artiste pluridisciplinaire qui a cr\u00e9e la Compagnie Digestif et qui dirige le lieu Treffpunkt Tsch\u00fcdanga \u00e0 Salquenen.","og_url":"https:\/\/www.compagniedigestif.ch\/fr\/jennifer-skolovski\/","og_site_name":"https:\/\/www.compagniedigestif.ch","article_modified_time":"2023-01-06T20:33:40+00:00","twitter_card":"summary_large_image","twitter_misc":{"Dur\u00e9e de lecture estim\u00e9e":"3 minutes"},"schema":{"@context":"https:\/\/schema.org","@graph":[{"@type":"WebPage","@id":"https:\/\/www.compagniedigestif.ch\/fr\/jennifer-skolovski\/","url":"https:\/\/www.compagniedigestif.ch\/fr\/jennifer-skolovski\/","name":"Jennifer Skolovski - https:\/\/www.compagniedigestif.ch","isPartOf":{"@id":"https:\/\/www.compagniedigestif.ch\/#website"},"datePublished":"2021-09-07T14:58:51+00:00","dateModified":"2023-01-06T20:33:40+00:00","description":"Artiste pluridisciplinaire qui a cr\u00e9e la Compagnie Digestif et qui dirige le lieu Treffpunkt Tsch\u00fcdanga \u00e0 Salquenen.","breadcrumb":{"@id":"https:\/\/www.compagniedigestif.ch\/fr\/jennifer-skolovski\/#breadcrumb"},"inLanguage":"fr-FR","potentialAction":[{"@type":"ReadAction","target":["https:\/\/www.compagniedigestif.ch\/fr\/jennifer-skolovski\/"]}]},{"@type":"BreadcrumbList","@id":"https:\/\/www.compagniedigestif.ch\/fr\/jennifer-skolovski\/#breadcrumb","itemListElement":[{"@type":"ListItem","position":1,"name":"Startseite","item":"https:\/\/www.compagniedigestif.ch\/fr\/accueil\/"},{"@type":"ListItem","position":2,"name":"Jennifer Skolovski"}]},{"@type":"WebSite","@id":"https:\/\/www.compagniedigestif.ch\/#website","url":"https:\/\/www.compagniedigestif.ch\/","name":"https:\/\/www.compagniedigestif.ch","description":"Compagnie Digestif","potentialAction":[{"@type":"SearchAction","target":{"@type":"EntryPoint","urlTemplate":"https:\/\/www.compagniedigestif.ch\/?s={search_term_string}"},"query-input":{"@type":"PropertyValueSpecification","valueRequired":true,"valueName":"search_term_string"}}],"inLanguage":"fr-FR"}]}},"_links":{"self":[{"href":"https:\/\/www.compagniedigestif.ch\/fr\/wp-json\/wp\/v2\/pages\/5620","targetHints":{"allow":["GET"]}}],"collection":[{"href":"https:\/\/www.compagniedigestif.ch\/fr\/wp-json\/wp\/v2\/pages"}],"about":[{"href":"https:\/\/www.compagniedigestif.ch\/fr\/wp-json\/wp\/v2\/types\/page"}],"author":[{"embeddable":true,"href":"https:\/\/www.compagniedigestif.ch\/fr\/wp-json\/wp\/v2\/users\/4"}],"replies":[{"embeddable":true,"href":"https:\/\/www.compagniedigestif.ch\/fr\/wp-json\/wp\/v2\/comments?post=5620"}],"version-history":[{"count":16,"href":"https:\/\/www.compagniedigestif.ch\/fr\/wp-json\/wp\/v2\/pages\/5620\/revisions"}],"predecessor-version":[{"id":7559,"href":"https:\/\/www.compagniedigestif.ch\/fr\/wp-json\/wp\/v2\/pages\/5620\/revisions\/7559"}],"wp:attachment":[{"href":"https:\/\/www.compagniedigestif.ch\/fr\/wp-json\/wp\/v2\/media?parent=5620"}],"curies":[{"name":"wp","href":"https:\/\/api.w.org\/{rel}","templated":true}]}}